{"id":101,"date":"2021-09-11T22:12:39","date_gmt":"2021-09-11T22:12:39","guid":{"rendered":"https:\/\/guadeloupequadrille.com\/?page_id=101"},"modified":"2021-11-24T01:24:38","modified_gmt":"2021-11-24T05:24:38","slug":"associations","status":"publish","type":"page","link":"https:\/\/guadeloupequadrille.com\/?page_id=101","title":{"rendered":"Associations"},"content":{"rendered":"\t\t<div data-elementor-type=\"wp-page\" data-elementor-id=\"101\" class=\"elementor elementor-101\" data-elementor-post-type=\"page\">\n\t\t\t\t\t\t<section class=\"elementor-section elementor-top-section elementor-element elementor-element-fb6e451 elementor-section-stretched elementor-section-boxed elementor-section-height-default elementor-section-height-default\" data-id=\"fb6e451\" data-element_type=\"section\" data-e-type=\"section\" data-settings=\"{&quot;stretch_section&quot;:&quot;section-stretched&quot;}\">\n\t\t\t\t\t\t<div class=\"elementor-container elementor-column-gap-default\">\n\t\t\t\t\t<div class=\"elementor-column elementor-col-100 elementor-top-column elementor-element elementor-element-3b9c4fd\" data-id=\"3b9c4fd\" data-element_type=\"column\" data-e-type=\"column\">\n\t\t\t<div class=\"elementor-widget-wrap elementor-element-populated\">\n\t\t\t\t\t\t<div class=\"elementor-element elementor-element-ccc67e1 elementor-widget elementor-widget-text-editor\" data-id=\"ccc67e1\" data-element_type=\"widget\" data-e-type=\"widget\" data-widget_type=\"text-editor.default\">\n\t\t\t\t\t\t\t\t\t<p>\u00a0 \u00a0 La d\u00e9nomination <strong>ASSOCIATION<\/strong> est mise en application en 1970 car autrefois c&rsquo;\u00e9tait le titre <strong>\u00ab\u00a0soci\u00e9t\u00e9\u00a0\u00bb<\/strong><\/p><p>\u00a0 A la cr\u00e9ation de la <strong>f\u00e9d\u00e9ration<\/strong> en 2003 il existait plus de particuliers organisateurs que d&rsquo;associations.<\/p><p>La <strong>FEDERATION<\/strong>, pour permettre le d\u00e9veloppement de la danse va inciter \u00e0 la cr\u00e9ation d&rsquo;associations en faisant\u00a0 la promotion par des<strong> PARADES<\/strong> lors de f\u00eates des communes.<\/p><p>\u00a0\u00a0<\/p>\t\t\t\t\t\t\t\t<\/div>\n\t\t\t\t\t<\/div>\n\t\t<\/div>\n\t\t\t\t\t<\/div>\n\t\t<\/section>\n\t\t\t\t<section class=\"elementor-section elementor-top-section elementor-element elementor-element-b180682 elementor-section-stretched elementor-section-boxed elementor-section-height-default elementor-section-height-default\" data-id=\"b180682\" data-element_type=\"section\" data-e-type=\"section\" data-settings=\"{&quot;stretch_section&quot;:&quot;section-stretched&quot;}\">\n\t\t\t\t\t\t<div class=\"elementor-container elementor-column-gap-default\">\n\t\t\t\t\t<div class=\"elementor-column elementor-col-50 elementor-top-column elementor-element elementor-element-6fb344f\" data-id=\"6fb344f\" data-element_type=\"column\" data-e-type=\"column\">\n\t\t\t<div class=\"elementor-widget-wrap elementor-element-populated\">\n\t\t\t\t\t\t<div class=\"elementor-element elementor-element-1533e0f elementor-widget elementor-widget-image\" data-id=\"1533e0f\" data-element_type=\"widget\" data-e-type=\"widget\" data-widget_type=\"image.default\">\n\t\t\t\t\t\t\t\t\t\t\t\t\t\t\t<img fetchpriority=\"high\" decoding=\"async\" width=\"1024\" height=\"576\" src=\"https:\/\/guadeloupequadrille.com\/wp-content\/uploads\/2021\/09\/TROPICAL-DANZAR-1024x576.jpg\" class=\"attachment-large size-large wp-image-781\" alt=\"\" srcset=\"https:\/\/guadeloupequadrille.com\/wp-content\/uploads\/2021\/09\/TROPICAL-DANZAR-1024x576.jpg 1024w, https:\/\/guadeloupequadrille.com\/wp-content\/uploads\/2021\/09\/TROPICAL-DANZAR-300x169.jpg 300w, https:\/\/guadeloupequadrille.com\/wp-content\/uploads\/2021\/09\/TROPICAL-DANZAR-768x432.jpg 768w, https:\/\/guadeloupequadrille.com\/wp-content\/uploads\/2021\/09\/TROPICAL-DANZAR-1536x864.jpg 1536w, https:\/\/guadeloupequadrille.com\/wp-content\/uploads\/2021\/09\/TROPICAL-DANZAR.jpg 1920w\" sizes=\"(max-width: 1024px) 100vw, 1024px\" \/>\t\t\t\t\t\t\t\t\t\t\t\t\t\t\t<\/div>\n\t\t\t\t\t<\/div>\n\t\t<\/div>\n\t\t\t\t<div class=\"elementor-column elementor-col-50 elementor-top-column elementor-element elementor-element-9fa8ce8\" data-id=\"9fa8ce8\" data-element_type=\"column\" data-e-type=\"column\">\n\t\t\t<div class=\"elementor-widget-wrap elementor-element-populated\">\n\t\t\t\t\t\t<div class=\"elementor-element elementor-element-b93a0da elementor-widget elementor-widget-image\" data-id=\"b93a0da\" data-element_type=\"widget\" data-e-type=\"widget\" data-widget_type=\"image.default\">\n\t\t\t\t\t\t\t\t\t\t\t\t\t\t\t<img decoding=\"async\" width=\"1024\" height=\"576\" src=\"https:\/\/guadeloupequadrille.com\/wp-content\/uploads\/2021\/11\/IMGA0064-1024x576.jpg\" class=\"attachment-large size-large wp-image-4468\" alt=\"\" srcset=\"https:\/\/guadeloupequadrille.com\/wp-content\/uploads\/2021\/11\/IMGA0064-1024x576.jpg 1024w, https:\/\/guadeloupequadrille.com\/wp-content\/uploads\/2021\/11\/IMGA0064-300x169.jpg 300w, https:\/\/guadeloupequadrille.com\/wp-content\/uploads\/2021\/11\/IMGA0064-768x432.jpg 768w, https:\/\/guadeloupequadrille.com\/wp-content\/uploads\/2021\/11\/IMGA0064-1536x864.jpg 1536w, https:\/\/guadeloupequadrille.com\/wp-content\/uploads\/2021\/11\/IMGA0064.jpg 1920w\" sizes=\"(max-width: 1024px) 100vw, 1024px\" \/>\t\t\t\t\t\t\t\t\t\t\t\t\t\t\t<\/div>\n\t\t\t\t\t<\/div>\n\t\t<\/div>\n\t\t\t\t\t<\/div>\n\t\t<\/section>\n\t\t\t\t<section class=\"elementor-section elementor-top-section elementor-element elementor-element-49f7411 elementor-section-stretched elementor-section-boxed elementor-section-height-default elementor-section-height-default\" data-id=\"49f7411\" data-element_type=\"section\" data-e-type=\"section\" data-settings=\"{&quot;stretch_section&quot;:&quot;section-stretched&quot;}\">\n\t\t\t\t\t\t<div class=\"elementor-container elementor-column-gap-default\">\n\t\t\t\t\t<div class=\"elementor-column elementor-col-100 elementor-top-column elementor-element elementor-element-31a87e6\" data-id=\"31a87e6\" data-element_type=\"column\" data-e-type=\"column\">\n\t\t\t<div class=\"elementor-widget-wrap elementor-element-populated\">\n\t\t\t\t\t\t<div class=\"elementor-element elementor-element-82e1b7f elementor-widget elementor-widget-heading\" data-id=\"82e1b7f\" data-element_type=\"widget\" data-e-type=\"widget\" data-widget_type=\"heading.default\">\n\t\t\t\t\t<h2 class=\"elementor-heading-title elementor-size-default\">Parade de Bouillante<\/h2>\t\t\t\t<\/div>\n\t\t\t\t<div class=\"elementor-element elementor-element-cb492d6 elementor-widget elementor-widget-video\" data-id=\"cb492d6\" data-element_type=\"widget\" data-e-type=\"widget\" data-settings=\"{&quot;youtube_url&quot;:&quot;https:\\\/\\\/youtu.be\\\/mmLF11rUBrc&quot;,&quot;video_type&quot;:&quot;youtube&quot;}\" data-widget_type=\"video.default\">\n\t\t\t\t\t\t\t<div class=\"elementor-wrapper elementor-open-inline\">\n\t\t\t<div class=\"elementor-video\"><\/div>\t\t<\/div>\n\t\t\t\t\t\t<\/div>\n\t\t\t\t\t<\/div>\n\t\t<\/div>\n\t\t\t\t\t<\/div>\n\t\t<\/section>\n\t\t\t\t<section class=\"elementor-section elementor-top-section elementor-element elementor-element-bacda90 elementor-section-stretched elementor-section-boxed elementor-section-height-default elementor-section-height-default\" data-id=\"bacda90\" data-element_type=\"section\" data-e-type=\"section\" data-settings=\"{&quot;stretch_section&quot;:&quot;section-stretched&quot;}\">\n\t\t\t\t\t\t<div class=\"elementor-container elementor-column-gap-default\">\n\t\t\t\t\t<div class=\"elementor-column elementor-col-100 elementor-top-column elementor-element elementor-element-b07e7ae\" data-id=\"b07e7ae\" data-element_type=\"column\" data-e-type=\"column\">\n\t\t\t<div class=\"elementor-widget-wrap elementor-element-populated\">\n\t\t\t\t\t\t<div class=\"elementor-element elementor-element-3ef1046 elementor-align-center bdt-navigation-type-arrows elementor-widget elementor-widget-bdt-slider\" data-id=\"3ef1046\" data-element_type=\"widget\" data-e-type=\"widget\" data-widget_type=\"bdt-slider.default\">\n\t\t\t\t\t\t\t<div id=\"bdt-slider-3ef1046\" class=\"bdt-slider bdt-arrows-align-center\" data-settings=\"{&quot;autoplay&quot;:{&quot;delay&quot;:4000},&quot;loop&quot;:true,&quot;speed&quot;:700,&quot;effect&quot;:&quot;cube&quot;,&quot;fadeEffect&quot;:{&quot;crossFade&quot;:true},&quot;navigation&quot;:{&quot;nextEl&quot;:&quot;#bdt-slider-3ef1046 .bdt-navigation-next&quot;,&quot;prevEl&quot;:&quot;#bdt-slider-3ef1046 .bdt-navigation-prev&quot;},&quot;pagination&quot;:{&quot;el&quot;:&quot;#bdt-slider-3ef1046 .swiper-pagination&quot;,&quot;type&quot;:&quot;&quot;,&quot;clickable&quot;:&quot;true&quot;,&quot;dynamicBullets&quot;:false},&quot;scrollbar&quot;:{&quot;el&quot;:&quot;#bdt-slider-3ef1046 .swiper-scrollbar&quot;,&quot;hide&quot;:&quot;true&quot;}}\">\n\t\t\t<div class=\"swiper-carousel swiper\" role=\"region\" aria-roledescription=\"carousel\" aria-label=\"Slider\" dir=\"ltr\">\n\t\t\t\t\t\t<div class=\"swiper-wrapper\">\n\t\t\t\t\t<div class=\"bdt-slide-item swiper-slide bdt-slide-effect-left\">\n\n\t\t\t\t\n\t\t\t\t\t\t\t\t\t\t\t<div class=\"bdt-slider-image-wrapper\">\n\t\t\t\t\t\t\t<img decoding=\"async\" width=\"1920\" height=\"1080\" src=\"https:\/\/guadeloupequadrille.com\/wp-content\/uploads\/2021\/09\/QUABISKA.jpg\" class=\"bdt-cover\" alt=\"\" data-bdt-cover=\"1\" srcset=\"https:\/\/guadeloupequadrille.com\/wp-content\/uploads\/2021\/09\/QUABISKA.jpg 1920w, https:\/\/guadeloupequadrille.com\/wp-content\/uploads\/2021\/09\/QUABISKA-300x169.jpg 300w, https:\/\/guadeloupequadrille.com\/wp-content\/uploads\/2021\/09\/QUABISKA-1024x576.jpg 1024w, https:\/\/guadeloupequadrille.com\/wp-content\/uploads\/2021\/09\/QUABISKA-768x432.jpg 768w, https:\/\/guadeloupequadrille.com\/wp-content\/uploads\/2021\/09\/QUABISKA-1536x864.jpg 1536w\" sizes=\"(max-width: 1920px) 100vw, 1920px\" \/>\t\t\t\t\t\t<\/div>\n\t\t\t\t\t\n\t\t\t\t\t<div class=\"bdt-slide-desc bdt-position-large bdt-position-center bdt-position-z-index\">\n\n\t\t\t\t\t\t\n\t\t\t\t\t\t\n\t\t\t\t\t\t\t\t\t\t\t<\/div>\n\n\t\t\t\t\n\t\t\t<\/div>\n\t\t\t\t\t\t<div class=\"bdt-slide-item swiper-slide bdt-slide-effect-left\">\n\n\t\t\t\t\n\t\t\t\t\t\t\t\t\t\t\t<div class=\"bdt-slider-image-wrapper\">\n\t\t\t\t\t\t\t<img loading=\"lazy\" decoding=\"async\" width=\"1920\" height=\"1080\" src=\"https:\/\/guadeloupequadrille.com\/wp-content\/uploads\/2021\/09\/POINCIANA.jpg\" class=\"bdt-cover\" alt=\"\" data-bdt-cover=\"1\" srcset=\"https:\/\/guadeloupequadrille.com\/wp-content\/uploads\/2021\/09\/POINCIANA.jpg 1920w, https:\/\/guadeloupequadrille.com\/wp-content\/uploads\/2021\/09\/POINCIANA-300x169.jpg 300w, https:\/\/guadeloupequadrille.com\/wp-content\/uploads\/2021\/09\/POINCIANA-1024x576.jpg 1024w, https:\/\/guadeloupequadrille.com\/wp-content\/uploads\/2021\/09\/POINCIANA-768x432.jpg 768w, https:\/\/guadeloupequadrille.com\/wp-content\/uploads\/2021\/09\/POINCIANA-1536x864.jpg 1536w\" sizes=\"(max-width: 1920px) 100vw, 1920px\" \/>\t\t\t\t\t\t<\/div>\n\t\t\t\t\t\n\t\t\t\t\t<div class=\"bdt-slide-desc bdt-position-large bdt-position-center bdt-position-z-index\">\n\n\t\t\t\t\t\t\n\t\t\t\t\t\t\n\t\t\t\t\t\t\t\t\t\t\t<\/div>\n\n\t\t\t\t\n\t\t\t<\/div>\n\t\t\t\t\t\t<div class=\"bdt-slide-item swiper-slide bdt-slide-effect-left\">\n\n\t\t\t\t\n\t\t\t\t\t\t\t\t\t\t\t<div class=\"bdt-slider-image-wrapper\">\n\t\t\t\t\t\t\t<img loading=\"lazy\" decoding=\"async\" width=\"1920\" height=\"1080\" src=\"https:\/\/guadeloupequadrille.com\/wp-content\/uploads\/2021\/09\/PEPITE-DOR.jpg\" class=\"bdt-cover\" alt=\"\" data-bdt-cover=\"1\" srcset=\"https:\/\/guadeloupequadrille.com\/wp-content\/uploads\/2021\/09\/PEPITE-DOR.jpg 1920w, https:\/\/guadeloupequadrille.com\/wp-content\/uploads\/2021\/09\/PEPITE-DOR-300x169.jpg 300w, https:\/\/guadeloupequadrille.com\/wp-content\/uploads\/2021\/09\/PEPITE-DOR-1024x576.jpg 1024w, https:\/\/guadeloupequadrille.com\/wp-content\/uploads\/2021\/09\/PEPITE-DOR-768x432.jpg 768w, https:\/\/guadeloupequadrille.com\/wp-content\/uploads\/2021\/09\/PEPITE-DOR-1536x864.jpg 1536w\" sizes=\"(max-width: 1920px) 100vw, 1920px\" \/>\t\t\t\t\t\t<\/div>\n\t\t\t\t\t\n\t\t\t\t\t<div class=\"bdt-slide-desc bdt-position-large bdt-position-center bdt-position-z-index\">\n\n\t\t\t\t\t\t\n\t\t\t\t\t\t\n\t\t\t\t\t\t\t\t\t\t\t<\/div>\n\n\t\t\t\t\n\t\t\t<\/div>\n\t\t\t\t\t\t<div class=\"bdt-slide-item swiper-slide bdt-slide-effect-left\">\n\n\t\t\t\t\n\t\t\t\t\t\t\t\t\t\t\t<div class=\"bdt-slider-image-wrapper\">\n\t\t\t\t\t\t\t<img loading=\"lazy\" decoding=\"async\" width=\"1365\" height=\"842\" src=\"https:\/\/guadeloupequadrille.com\/wp-content\/uploads\/2021\/09\/LES-COLIBRIS.jpg\" class=\"bdt-cover\" alt=\"\" data-bdt-cover=\"1\" srcset=\"https:\/\/guadeloupequadrille.com\/wp-content\/uploads\/2021\/09\/LES-COLIBRIS.jpg 1365w, https:\/\/guadeloupequadrille.com\/wp-content\/uploads\/2021\/09\/LES-COLIBRIS-300x185.jpg 300w, https:\/\/guadeloupequadrille.com\/wp-content\/uploads\/2021\/09\/LES-COLIBRIS-1024x632.jpg 1024w, https:\/\/guadeloupequadrille.com\/wp-content\/uploads\/2021\/09\/LES-COLIBRIS-768x474.jpg 768w\" sizes=\"(max-width: 1365px) 100vw, 1365px\" \/>\t\t\t\t\t\t<\/div>\n\t\t\t\t\t\n\t\t\t\t\t<div class=\"bdt-slide-desc bdt-position-large bdt-position-center bdt-position-z-index\">\n\n\t\t\t\t\t\t\n\t\t\t\t\t\t\n\t\t\t\t\t\t\t\t\t\t\t<\/div>\n\n\t\t\t\t\n\t\t\t<\/div>\n\t\t\t\t\t\t<div class=\"bdt-slide-item swiper-slide bdt-slide-effect-left\">\n\n\t\t\t\t\n\t\t\t\t\t\t\t\t\t\t\t<div class=\"bdt-slider-image-wrapper\">\n\t\t\t\t\t\t\t<img loading=\"lazy\" decoding=\"async\" width=\"2560\" height=\"1440\" src=\"https:\/\/guadeloupequadrille.com\/wp-content\/uploads\/2021\/09\/Culture-scaled.jpg\" class=\"bdt-cover\" alt=\"\" data-bdt-cover=\"1\" srcset=\"https:\/\/guadeloupequadrille.com\/wp-content\/uploads\/2021\/09\/Culture-scaled.jpg 2560w, https:\/\/guadeloupequadrille.com\/wp-content\/uploads\/2021\/09\/Culture-300x169.jpg 300w, https:\/\/guadeloupequadrille.com\/wp-content\/uploads\/2021\/09\/Culture-1024x576.jpg 1024w, https:\/\/guadeloupequadrille.com\/wp-content\/uploads\/2021\/09\/Culture-768x432.jpg 768w, https:\/\/guadeloupequadrille.com\/wp-content\/uploads\/2021\/09\/Culture-1536x864.jpg 1536w, https:\/\/guadeloupequadrille.com\/wp-content\/uploads\/2021\/09\/Culture-2048x1152.jpg 2048w\" sizes=\"(max-width: 2560px) 100vw, 2560px\" \/>\t\t\t\t\t\t<\/div>\n\t\t\t\t\t\n\t\t\t\t\t<div class=\"bdt-slide-desc bdt-position-large bdt-position-center bdt-position-z-index\">\n\n\t\t\t\t\t\t\n\t\t\t\t\t\t\n\t\t\t\t\t\t\t\t\t\t\t<\/div>\n\n\t\t\t\t\n\t\t\t<\/div>\n\t\t\t\t\t\t<div class=\"bdt-slide-item swiper-slide bdt-slide-effect-left\">\n\n\t\t\t\t\n\t\t\t\t\t\t\t\t\t\t\t<div class=\"bdt-slider-image-wrapper\">\n\t\t\t\t\t\t\t<img loading=\"lazy\" decoding=\"async\" width=\"1866\" height=\"643\" src=\"https:\/\/guadeloupequadrille.com\/wp-content\/uploads\/2021\/09\/BOIS-BAMBOU-2.jpg\" class=\"bdt-cover\" alt=\"\" data-bdt-cover=\"1\" srcset=\"https:\/\/guadeloupequadrille.com\/wp-content\/uploads\/2021\/09\/BOIS-BAMBOU-2.jpg 1866w, https:\/\/guadeloupequadrille.com\/wp-content\/uploads\/2021\/09\/BOIS-BAMBOU-2-300x103.jpg 300w, https:\/\/guadeloupequadrille.com\/wp-content\/uploads\/2021\/09\/BOIS-BAMBOU-2-1024x353.jpg 1024w, https:\/\/guadeloupequadrille.com\/wp-content\/uploads\/2021\/09\/BOIS-BAMBOU-2-768x265.jpg 768w, https:\/\/guadeloupequadrille.com\/wp-content\/uploads\/2021\/09\/BOIS-BAMBOU-2-1536x529.jpg 1536w\" sizes=\"(max-width: 1866px) 100vw, 1866px\" \/>\t\t\t\t\t\t<\/div>\n\t\t\t\t\t\n\t\t\t\t\t<div class=\"bdt-slide-desc bdt-position-large bdt-position-center bdt-position-z-index\">\n\n\t\t\t\t\t\t\n\t\t\t\t\t\t\n\t\t\t\t\t\t\t\t\t\t\t<\/div>\n\n\t\t\t\t\n\t\t\t<\/div>\n\t\t\t\t\t\t<div class=\"bdt-slide-item swiper-slide bdt-slide-effect-left\">\n\n\t\t\t\t\n\t\t\t\t\t\t\t\t\t\t\t<div class=\"bdt-slider-image-wrapper\">\n\t\t\t\t\t\t\t<img loading=\"lazy\" decoding=\"async\" width=\"1920\" height=\"1080\" src=\"https:\/\/guadeloupequadrille.com\/wp-content\/uploads\/2021\/09\/DYNAMIQUE-CLUB.jpg\" class=\"bdt-cover\" alt=\"\" data-bdt-cover=\"1\" srcset=\"https:\/\/guadeloupequadrille.com\/wp-content\/uploads\/2021\/09\/DYNAMIQUE-CLUB.jpg 1920w, https:\/\/guadeloupequadrille.com\/wp-content\/uploads\/2021\/09\/DYNAMIQUE-CLUB-300x169.jpg 300w, https:\/\/guadeloupequadrille.com\/wp-content\/uploads\/2021\/09\/DYNAMIQUE-CLUB-1024x576.jpg 1024w, https:\/\/guadeloupequadrille.com\/wp-content\/uploads\/2021\/09\/DYNAMIQUE-CLUB-768x432.jpg 768w, https:\/\/guadeloupequadrille.com\/wp-content\/uploads\/2021\/09\/DYNAMIQUE-CLUB-1536x864.jpg 1536w\" sizes=\"(max-width: 1920px) 100vw, 1920px\" \/>\t\t\t\t\t\t<\/div>\n\t\t\t\t\t\n\t\t\t\t\t<div class=\"bdt-slide-desc bdt-position-large bdt-position-center bdt-position-z-index\">\n\n\t\t\t\t\t\t\n\t\t\t\t\t\t\n\t\t\t\t\t\t\t\t\t\t\t<\/div>\n\n\t\t\t\t\n\t\t\t<\/div>\n\t\t\t\t\t\t<div class=\"bdt-slide-item swiper-slide bdt-slide-effect-left\">\n\n\t\t\t\t\n\t\t\t\t\t\t\t\t\t\t\t<div class=\"bdt-slider-image-wrapper\">\n\t\t\t\t\t\t\t<img loading=\"lazy\" decoding=\"async\" width=\"1920\" height=\"1080\" src=\"https:\/\/guadeloupequadrille.com\/wp-content\/uploads\/2021\/09\/ESPERANCE-B.MAHAULT.jpg\" class=\"bdt-cover\" alt=\"\" data-bdt-cover=\"1\" srcset=\"https:\/\/guadeloupequadrille.com\/wp-content\/uploads\/2021\/09\/ESPERANCE-B.MAHAULT.jpg 1920w, https:\/\/guadeloupequadrille.com\/wp-content\/uploads\/2021\/09\/ESPERANCE-B.MAHAULT-300x169.jpg 300w, https:\/\/guadeloupequadrille.com\/wp-content\/uploads\/2021\/09\/ESPERANCE-B.MAHAULT-1024x576.jpg 1024w, https:\/\/guadeloupequadrille.com\/wp-content\/uploads\/2021\/09\/ESPERANCE-B.MAHAULT-768x432.jpg 768w, https:\/\/guadeloupequadrille.com\/wp-content\/uploads\/2021\/09\/ESPERANCE-B.MAHAULT-1536x864.jpg 1536w\" sizes=\"(max-width: 1920px) 100vw, 1920px\" \/>\t\t\t\t\t\t<\/div>\n\t\t\t\t\t\n\t\t\t\t\t<div class=\"bdt-slide-desc bdt-position-large bdt-position-center bdt-position-z-index\">\n\n\t\t\t\t\t\t\n\t\t\t\t\t\t\n\t\t\t\t\t\t\t\t\t\t\t<\/div>\n\n\t\t\t\t\n\t\t\t<\/div>\n\t\t\t\t\t\t<div class=\"bdt-slide-item swiper-slide bdt-slide-effect-left\">\n\n\t\t\t\t\n\t\t\t\t\t\t\t\t\t\t\t<div class=\"bdt-slider-image-wrapper\">\n\t\t\t\t\t\t\t<img loading=\"lazy\" decoding=\"async\" width=\"1920\" height=\"1080\" src=\"https:\/\/guadeloupequadrille.com\/wp-content\/uploads\/2021\/10\/Entre-Nous.jpg\" class=\"bdt-cover\" alt=\"Slide Title\" data-bdt-cover=\"1\" srcset=\"https:\/\/guadeloupequadrille.com\/wp-content\/uploads\/2021\/10\/Entre-Nous.jpg 1920w, https:\/\/guadeloupequadrille.com\/wp-content\/uploads\/2021\/10\/Entre-Nous-300x169.jpg 300w, https:\/\/guadeloupequadrille.com\/wp-content\/uploads\/2021\/10\/Entre-Nous-1024x576.jpg 1024w, https:\/\/guadeloupequadrille.com\/wp-content\/uploads\/2021\/10\/Entre-Nous-768x432.jpg 768w, https:\/\/guadeloupequadrille.com\/wp-content\/uploads\/2021\/10\/Entre-Nous-1536x864.jpg 1536w\" sizes=\"(max-width: 1920px) 100vw, 1920px\" \/>\t\t\t\t\t\t<\/div>\n\t\t\t\t\t\n\t\t\t\t\t<div class=\"bdt-slide-desc bdt-position-large bdt-position-center bdt-position-z-index\">\n\n\t\t\t\t\t\t\n\t\t\t\t\t\t\n\t\t\t\t\t\t\t\t\t\t\t<\/div>\n\n\t\t\t\t\n\t\t\t<\/div>\n\t\t\t\t\t<\/div>\n\t\t\t\t<\/div>\n\n\t\t\t\t\t<div class=\"bdt-position-z-index bdt-position-center bdt-visible@m\">\n\t\t\t\t<div class=\"bdt-arrows-container bdt-slidenav-container\">\n\t\t\t\t\t<a href=\"\" class=\"bdt-navigation-prev bdt-slidenav-previous bdt-icon bdt-slidenav\">\n\t\t\t\t\t\t<i class=\"ep-icon-arrow-left-0\" aria-hidden=\"true\"><\/i>\n\t\t\t\t\t<\/a>\n\t\t\t\t\t<a href=\"\" class=\"bdt-navigation-next bdt-slidenav-next bdt-icon bdt-slidenav\">\n\t\t\t\t\t\t<i class=\"ep-icon-arrow-right-0\" aria-hidden=\"true\"><\/i>\n\t\t\t\t\t<\/a>\n\t\t\t\t<\/div>\n\t\t\t<\/div>\n\t\t\t\t<\/div>\n\t\t\t\t\t\t<\/div>\n\t\t\t\t<div class=\"elementor-element elementor-element-89b89ed elementor-widget elementor-widget-heading\" data-id=\"89b89ed\" data-element_type=\"widget\" data-e-type=\"widget\" data-widget_type=\"heading.default\">\n\t\t\t\t\t<h2 class=\"elementor-heading-title elementor-size-default\">Les Associations de Parades<\/h2>\t\t\t\t<\/div>\n\t\t\t\t\t<\/div>\n\t\t<\/div>\n\t\t\t\t\t<\/div>\n\t\t<\/section>\n\t\t\t\t<\/div>\n\t\t","protected":false},"excerpt":{"rendered":"<p>\u00a0 \u00a0 La d\u00e9nomination ASSOCIATION est mise en application en 1970 car autrefois c&rsquo;\u00e9tait le titre \u00ab\u00a0soci\u00e9t\u00e9\u00a0\u00bb \u00a0 A la cr\u00e9ation de la f\u00e9d\u00e9ration en 2003 il existait plus de particuliers organisateurs que d&rsquo;associations. La FEDERATION, pour permettre le d\u00e9veloppement de la danse va inciter \u00e0 la cr\u00e9ation d&rsquo;associations en faisant\u00a0 la promotion par des [&hellip;]<\/p>\n","protected":false},"author":1,"featured_media":0,"parent":0,"menu_order":0,"comment_status":"closed","ping_status":"closed","template":"","meta":{"footnotes":""},"class_list":["post-101","page","type-page","status-publish","hentry"],"_links":{"self":[{"href":"https:\/\/guadeloupequadrille.com\/index.php?rest_route=\/wp\/v2\/pages\/101","targetHints":{"allow":["GET"]}}],"collection":[{"href":"https:\/\/guadeloupequadrille.com\/index.php?rest_route=\/wp\/v2\/pages"}],"about":[{"href":"https:\/\/guadeloupequadrille.com\/index.php?rest_route=\/wp\/v2\/types\/page"}],"author":[{"embeddable":true,"href":"https:\/\/guadeloupequadrille.com\/index.php?rest_route=\/wp\/v2\/users\/1"}],"replies":[{"embeddable":true,"href":"https:\/\/guadeloupequadrille.com\/index.php?rest_route=%2Fwp%2Fv2%2Fcomments&post=101"}],"version-history":[{"count":248,"href":"https:\/\/guadeloupequadrille.com\/index.php?rest_route=\/wp\/v2\/pages\/101\/revisions"}],"predecessor-version":[{"id":5394,"href":"https:\/\/guadeloupequadrille.com\/index.php?rest_route=\/wp\/v2\/pages\/101\/revisions\/5394"}],"wp:attachment":[{"href":"https:\/\/guadeloupequadrille.com\/index.php?rest_route=%2Fwp%2Fv2%2Fmedia&parent=101"}],"curies":[{"name":"wp","href":"https:\/\/api.w.org\/{rel}","templated":true}]}}