{"id":127,"date":"2021-09-11T22:17:32","date_gmt":"2021-09-11T22:17:32","guid":{"rendered":"https:\/\/guadeloupequadrille.com\/?page_id=127"},"modified":"2021-11-22T20:02:44","modified_gmt":"2021-11-23T00:02:44","slug":"les-differents-c-a","status":"publish","type":"page","link":"https:\/\/guadeloupequadrille.com\/?page_id=127","title":{"rendered":"Les diff\u00e9rents C.A"},"content":{"rendered":"\t\t<div data-elementor-type=\"wp-page\" data-elementor-id=\"127\" class=\"elementor elementor-127\" data-elementor-post-type=\"page\">\n\t\t\t\t\t\t<section class=\"elementor-section elementor-top-section elementor-element elementor-element-7040c07 elementor-section-stretched elementor-section-boxed elementor-section-height-default elementor-section-height-default\" data-id=\"7040c07\" data-element_type=\"section\" data-settings=\"{&quot;stretch_section&quot;:&quot;section-stretched&quot;}\">\n\t\t\t\t\t\t<div class=\"elementor-container elementor-column-gap-default\">\n\t\t\t\t\t<div class=\"elementor-column elementor-col-100 elementor-top-column elementor-element elementor-element-1a95ae2\" data-id=\"1a95ae2\" data-element_type=\"column\">\n\t\t\t<div class=\"elementor-widget-wrap elementor-element-populated\">\n\t\t\t\t\t\t<div class=\"elementor-element elementor-element-128937a elementor-widget elementor-widget-heading\" data-id=\"128937a\" data-element_type=\"widget\" data-widget_type=\"heading.default\">\n\t\t\t\t\t<h2 class=\"elementor-heading-title elementor-size-default\">Premi\u00e8re Assembl\u00e9e G\u00e9n\u00e9rale Extraordinaire<\/h2>\t\t\t\t<\/div>\n\t\t\t\t<div class=\"elementor-element elementor-element-b5ff2bb elementor-widget elementor-widget-text-editor\" data-id=\"b5ff2bb\" data-element_type=\"widget\" data-widget_type=\"text-editor.default\">\n\t\t\t\t\t\t\t\t\t<p>&nbsp; &nbsp; &nbsp; Le <strong>17 Octobre 2004<\/strong> l\u2019A.G extraordinaire faite \u00e0 la salle polyvalente de PETIT CANAL changera la d\u00e9nomination sans changer le Sigle&nbsp;: Union Guadeloup\u00e9enne des Activit\u00e9s de Quadrilles \u00ab&nbsp;UGAQ&nbsp;\u00bb<\/p>\n<p><strong>Les priorit\u00e9s&nbsp;: <\/strong>Mettre en place un plan de d\u00e9veloppement durable. C\u2019est le passage \u00e0 <strong>l\u2019Euro<\/strong>. Il va falloir faire des r\u00e9formes&nbsp;: -Le prix de l\u2019entr\u00e9e des Bals 8\u20ac &#8211; un tarif unique pour la prestation des Orchestres 450\u20ac- une tarification des boissons&nbsp;&#8211; un calendrier de bals sera \u00e9tabli.<\/p>\n<p><strong>Voil\u00e0 la liste du premier conseil d\u2019Administration de L\u2019UGAQ<\/strong>.<\/p>\n<p><strong>&nbsp;<\/strong><\/p>\n<p><strong>PRESIDENT<\/strong>&nbsp;: MITEL Rony<\/p>\n<p><strong>VICE\/PRES<\/strong>&nbsp;: NEGRITE Gaby<\/p>\n<p><strong>TRESORIE<\/strong>R&nbsp;: LEBEAU Pierre<\/p>\n<p><strong>TRES ADJT<\/strong>&nbsp;:&nbsp; BARD Lucette<\/p>\n<p><strong>SECRETAIRE<\/strong>&nbsp;: LAMALLE Francette<\/p>\n<p><strong>SECRET ADJT<\/strong>&nbsp;: BULIN Lisberth<\/p>\n<p><strong>MEMB ACT<\/strong>. : GRANDISSON<\/p>\n<p>Les bals n\u2019ont pas beaucoup de<span style=\"color: var( --e-global-color-text ); font-family: var( --e-global-typography-text-font-family ), Sans-serif; font-weight: var( --e-global-typography-text-font-weight ); text-transform: inherit;\">&nbsp;succ\u00e8s par manque de participants. La situation est critique ; je sugg\u00e8re<\/span><span style=\"color: var( --e-global-color-text ); font-family: var( --e-global-typography-text-font-family ), Sans-serif; font-weight: var( --e-global-typography-text-font-weight ); text-transform: inherit;\">&nbsp;la cr\u00e9ation d\u2019associations, pour&nbsp;<\/span><span style=\"color: var( --e-global-color-text ); font-family: var( --e-global-typography-text-font-family ), Sans-serif; font-weight: var( --e-global-typography-text-font-weight ); text-transform: inherit;\">former de nouveaux danseurs.<\/span><\/p>\n<p>Une dizaine d\u2019associations va voir le jour et fera partie de l\u2019Union.<\/p>\n<p>Nous allons valoriser la danse en instituant les parades de Quadrilleurs lors des f\u00eates de communes, qui remportera un grand succ\u00e8s. La premi\u00e8re a eu lieu \u00e0 <strong>BAILLIF<\/strong> puis \u00e0 <strong>SAINT CLAUDE. PETIT CANAL<\/strong> sera la premi\u00e8re commune de la grande terre \u00e0 parader. Je vais cr\u00e9er un portail informatique&nbsp;:<\/p>\n<p><strong>\u00ab&nbsp;Le Quadrille guadeloup\u00e9en<\/strong>&nbsp;\u00bb, pour mondialiser la danse illustr\u00e9e sur des vid\u00e9os. En Octobre 2007 la commune de SAINT MARTIN fait appel \u00e0 une Association de&nbsp;<span style=\"color: var( --e-global-color-text ); font-family: var( --e-global-typography-text-font-family ), Sans-serif; font-weight: var( --e-global-typography-text-font-weight ); text-transform: inherit;\">Pointe \u00e0 Pitre le \u00ab&nbsp;CONSENSUS\u00a0\u00bb<\/span><span style=\"color: var( --e-global-color-text ); font-family: var( --e-global-typography-text-font-family ), Sans-serif; font-weight: var( --e-global-typography-text-font-weight ); text-transform: inherit;\">&nbsp;pour une prestation de Quadrilles&nbsp;;<\/span><span style=\"color: var( --e-global-color-text ); font-family: var( --e-global-typography-text-font-family ), Sans-serif; font-weight: var( --e-global-typography-text-font-weight ); text-transform: inherit;\">nous \u00e9tions h\u00e9berg\u00e9s pendant 3 jours&nbsp;<\/span><span style=\"color: var( --e-global-color-text ); font-family: var( --e-global-typography-text-font-family ), Sans-serif; font-weight: var( --e-global-typography-text-font-weight ); text-transform: inherit;\">dans des suites en partie Hollandaise.&nbsp;&nbsp;<\/span><\/p>\t\t\t\t\t\t\t\t<\/div>\n\t\t\t\t\t<\/div>\n\t\t<\/div>\n\t\t\t\t\t<\/div>\n\t\t<\/section>\n\t\t\t\t<section class=\"elementor-section elementor-top-section elementor-element elementor-element-162dbe9 elementor-section-stretched elementor-section-boxed elementor-section-height-default elementor-section-height-default\" data-id=\"162dbe9\" data-element_type=\"section\" data-settings=\"{&quot;stretch_section&quot;:&quot;section-stretched&quot;}\">\n\t\t\t\t\t\t<div class=\"elementor-container elementor-column-gap-default\">\n\t\t\t\t\t<div class=\"elementor-column elementor-col-100 elementor-top-column elementor-element elementor-element-ecd822a\" data-id=\"ecd822a\" data-element_type=\"column\">\n\t\t\t<div class=\"elementor-widget-wrap elementor-element-populated\">\n\t\t\t\t\t\t<div class=\"elementor-element elementor-element-523d575 elementor-widget elementor-widget-text-editor\" data-id=\"523d575\" data-element_type=\"widget\" data-widget_type=\"text-editor.default\">\n\t\t\t\t\t\t\t\t\t<p><strong>\u00a0Un nouveau conseil d\u2019administration va \u00eatre form\u00e9 en 2006\u00a0<\/strong><\/p><p><strong>\u00a0\u00a0 \u00a0 \u00a0 \u00a0 \u00a0 \u00a0 \u00a0 \u00a0 \u00a0 \u00a0\u00a0<\/strong><\/p><p><strong>\u00a0PRESIDENT : MITEL Rony<\/strong><\/p><p><strong>VICE\/PRES\u00a0 : FAILLOT Henry<\/strong><\/p><p><strong>TRESORIER : BARD Lucette<\/strong><\/p><p><strong>TRES \/ ADJ : LEBEAU Pierre<\/strong><\/p><p><strong>SECRETAIRE : LAMALLE Francette<\/strong><\/p><p><strong>SECRET\/ADJ : BULIN Lisberth<\/strong><\/p><p><strong>MEMBRE ACT : GRANDISSON Jeanne\u00a0<\/strong> \u00a0<\/p><p><strong>MEMBRE ACT : ADONA\u00cf Etienne\u00a0 \u00a0 \u00a0 \u00a0 \u00a0 \u00a0 \u00a0 \u00a0 \u00a0 \u00a0 \u00a0 \u00a0 \u00a0 \u00a0 \u00a0 \u00a0 \u00a0 \u00a0 \u00a0<\/strong> \u00a0 \u00a0 \u00a0 \u00a0 \u00a0 \u00a0<\/p><p>\u00a0 \u00a0 \u00a0 \u00a0 \u00a0Dans la continuit\u00e9 de<span style=\"color: var( --e-global-color-text ); font-family: var( --e-global-typography-text-font-family ), Sans-serif; font-weight: var( --e-global-typography-text-font-weight ); text-transform: inherit;\">\u00a0l\u2019action je vais rencontrer<\/span><span style=\"color: var( --e-global-color-text ); font-family: var( --e-global-typography-text-font-family ), Sans-serif; font-weight: var( --e-global-typography-text-font-weight ); text-transform: inherit;\">\u00a0les associations de la c\u00f4te<\/span><span style=\"color: var( --e-global-color-text ); font-family: var( --e-global-typography-text-font-family ), Sans-serif; font-weight: var( --e-global-typography-text-font-weight ); text-transform: inherit;\">\u00a0sous le vent pour les aider<\/span><span style=\"color: var( --e-global-color-text ); font-family: var( --e-global-typography-text-font-family ), Sans-serif; font-weight: var( --e-global-typography-text-font-weight ); text-transform: inherit;\">\u00a0\u00e0 d\u00e9velopper leur danse de<\/span><span style=\"color: var( --e-global-color-text ); font-family: var( --e-global-typography-text-font-family ), Sans-serif; font-weight: var( --e-global-typography-text-font-weight ); text-transform: inherit;\">\u00a0Quadrilles, qu\u2019elles avaient\u00a0<\/span><span style=\"color: var( --e-global-color-text ); font-family: var( --e-global-typography-text-font-family ), Sans-serif; font-weight: var( --e-global-typography-text-font-weight ); text-transform: inherit;\">d\u00e9j\u00e0 abandonn\u00e9es au profit des Quadrilles au commandement de Grande terre.\u00a0<\/span><\/p><p><span style=\"color: var( --e-global-color-text ); font-family: var( --e-global-typography-text-font-family ), Sans-serif; font-weight: var( --e-global-typography-text-font-weight ); text-transform: inherit;\">\u00a0 \u00a0Nous avons \u00e9t\u00e9 accueillis favorablement, et presque toutes ont adh\u00e9r\u00e9. Un programme d\u2019apprentissage de leur danse va \u00eatre \u00e9tabli. La salle Trait d\u2019Union de Vieux Habitants sera mise \u00e0 la disposition de la f\u00e9d\u00e9ration avec l\u2019accord de son Pr\u00e9sident pour les entrainements.<\/span><\/p><p>\u00a0\u00a0 <strong>Le 28 Mars 2009<\/strong>, nous constatons que nous englobons Presque toutes les associations de la Grande terre, de la<\/p><p>Basse terre et de Marie Galante\u00a0; une assembl\u00e9e g\u00e9n\u00e9rale<\/p><p>Extraordinaire \u00e0 Petit Canal va avoir lieu pour la fondation<\/p><p>D\u2019une F\u00e9d\u00e9ration de Quadrilles qui sera intitul\u00e9e\u00a0:<\/p><p>\u00a0\u00a0\u00a0\u00a0 <strong>FEDERATION REGIONALE GUADELOUPEENNE DES<\/strong><\/p><p><strong>ACTIVITES DE QUADRILLES. <\/strong>Sigle<strong>\u00a0: FREGAQ.<\/strong><\/p><p><strong><u>Voil\u00e0 notre projet<\/u><\/strong> : Un d\u00e9veloppement durable de la danse de Quadrilles de Guadeloupe, une reconnaissance mondiale, un accord avec la SACEM et la DRAC ; Pour la reconnaissance de la danse de quadrilles comme patrimoine culturel, et un\u00a0 projet de festival de danses traditionnelles.\u00a0 \u00a0 \u00a0 \u00a0 \u00a0 \u00a0 Certains membres du conseil n\u2019\u00e9tant pas d\u2019accord sur le projet vont remettre leur d\u00e9mission. \u00a0 \u00a0 \u00a0 \u00a0 \u00a0 \u00a0 \u00a0 \u00a0 \u00a0 \u00a0 \u00a0 \u00a0 \u00a0 \u00a0 \u00a0 \u00a0 \u00a0 \u00a0 \u00a0 \u00a0 \u00a0 \u00a0 \u00a0 \u00a0 \u00a0 \u00a0 \u00a0 \u00a0 \u00a0 \u00a0 \u00a0 \u00a0 \u00a0 \u00a0 \u00a0 \u00a0 \u00a0 \u00a0 \u00a0 \u00a0 \u00a0 \u00a0 \u00a0 \u00a0 \u00a0 \u00a0 \u00a0 \u00a0 \u00a0 \u00a0 \u00a0 \u00a0 \u00a0 \u00a0<\/p>\t\t\t\t\t\t\t\t<\/div>\n\t\t\t\t\t<\/div>\n\t\t<\/div>\n\t\t\t\t\t<\/div>\n\t\t<\/section>\n\t\t\t\t<section class=\"elementor-section elementor-top-section elementor-element elementor-element-6179f8c elementor-section-stretched elementor-section-boxed elementor-section-height-default elementor-section-height-default\" data-id=\"6179f8c\" data-element_type=\"section\" data-settings=\"{&quot;stretch_section&quot;:&quot;section-stretched&quot;}\">\n\t\t\t\t\t\t<div class=\"elementor-container elementor-column-gap-default\">\n\t\t\t\t\t<div class=\"elementor-column elementor-col-50 elementor-top-column elementor-element elementor-element-bb1d47c\" data-id=\"bb1d47c\" data-element_type=\"column\">\n\t\t\t<div class=\"elementor-widget-wrap elementor-element-populated\">\n\t\t\t\t\t\t<div class=\"elementor-element elementor-element-bcfd058 elementor-widget elementor-widget-heading\" data-id=\"bcfd058\" data-element_type=\"widget\" data-widget_type=\"heading.default\">\n\t\t\t\t\t<h2 class=\"elementor-heading-title elementor-size-default\">Le Conseil de 2009<\/h2>\t\t\t\t<\/div>\n\t\t\t\t<div class=\"elementor-element elementor-element-0910cd8 elementor-widget elementor-widget-text-editor\" data-id=\"0910cd8\" data-element_type=\"widget\" data-widget_type=\"text-editor.default\">\n\t\t\t\t\t\t\t\t\t<table width=\"100%\"><tbody><tr><td><p><strong>PRESIDENT\u00a0: <\/strong>MITEL Rony<\/p><p><strong>VICE\/PRES\u00a0: <\/strong>PHAETON Alexandre<\/p><p><strong>TRESORIER\u00a0: <\/strong>VIOMESNIL Fortuna<\/p><p><strong>TRES\/ADJT\u00a0: <\/strong>BARD Lucette<\/p><p><strong>SECRETAIRE\u00a0: <\/strong>ZIGAULT Arlette<\/p><p><strong>SECRET\/ADJT\u00a0: <\/strong>GRANDISSON Jeanne<\/p><p><strong>DELEGUE Sect N\/GT<\/strong> :\u00a0 LUISSINT Girard<\/p><p><strong>DELEGUE Sect S\/GT<\/strong> :\u00a0 LUIT Romaine<\/p><p><strong>DELEGUE Sect B\/T\u00a0 <\/strong>\u00a0:\u00a0 TORVAL Suzette<\/p><p><strong>DELEGUE Sect BTS\/V\u00a0: <\/strong>REGENT Jos\u00e9<\/p><p><strong>DELEGUE Orchestres<\/strong> : COQUITE Floribert<\/p><p>\u00a0<\/p><\/td><\/tr><\/tbody><\/table>\t\t\t\t\t\t\t\t<\/div>\n\t\t\t\t\t<\/div>\n\t\t<\/div>\n\t\t\t\t<div class=\"elementor-column elementor-col-50 elementor-top-column elementor-element elementor-element-71c0035\" data-id=\"71c0035\" data-element_type=\"column\">\n\t\t\t<div class=\"elementor-widget-wrap elementor-element-populated\">\n\t\t\t\t\t\t<div class=\"elementor-element elementor-element-4b002f1 elementor-widget elementor-widget-heading\" data-id=\"4b002f1\" data-element_type=\"widget\" data-widget_type=\"heading.default\">\n\t\t\t\t\t<h2 class=\"elementor-heading-title elementor-size-default\">Le Conseil de 2012<\/h2>\t\t\t\t<\/div>\n\t\t\t\t<div class=\"elementor-element elementor-element-c806c9f elementor-widget elementor-widget-text-editor\" data-id=\"c806c9f\" data-element_type=\"widget\" data-widget_type=\"text-editor.default\">\n\t\t\t\t\t\t\t\t\t<p><strong>PRESIDENT\u00a0: <\/strong>MITEL Rony<\/p><p><strong>VICE\/PRES\u00a0: <\/strong>ROCH Jean Claude<\/p><p><strong>TRESORIER\u00a0: <\/strong>VIOMESNIL Fortuna<\/p><p><strong>TRES\/ADJT\u00a0: <\/strong>BARD Lucette<\/p><p><strong>SECRETAIRE\u00a0: <\/strong>ZIGAULT Arlette<\/p><p><strong>SECRET\/ADJT\u00a0: <\/strong>GRANDISSON Jeanne<\/p><p><strong>DELEGUE Sect N\/GT<\/strong> :\u00a0 LUISSINT Girard<\/p><p><strong>DELEGUE Sect S\/GT<\/strong> :\u00a0 LUIT Romaine<\/p><p><strong>DELEGUE Sect B\/T\u00a0 <\/strong>\u00a0:\u00a0 TORVAL Suzette<\/p><p><strong>DELEGUE Sect BTS\/V\u00a0: <\/strong>REGENT Jos\u00e9<\/p><p><strong>DELEGUE Orchestres<\/strong> : COQUITE Floribert<\/p>\t\t\t\t\t\t\t\t<\/div>\n\t\t\t\t\t<\/div>\n\t\t<\/div>\n\t\t\t\t\t<\/div>\n\t\t<\/section>\n\t\t\t\t<section class=\"elementor-section elementor-top-section elementor-element elementor-element-d1b505f elementor-section-stretched elementor-section-boxed elementor-section-height-default elementor-section-height-default\" data-id=\"d1b505f\" data-element_type=\"section\" data-settings=\"{&quot;stretch_section&quot;:&quot;section-stretched&quot;}\">\n\t\t\t\t\t\t<div class=\"elementor-container elementor-column-gap-default\">\n\t\t\t\t\t<div class=\"elementor-column elementor-col-50 elementor-top-column elementor-element elementor-element-210962d\" data-id=\"210962d\" data-element_type=\"column\">\n\t\t\t<div class=\"elementor-widget-wrap elementor-element-populated\">\n\t\t\t\t\t\t<div class=\"elementor-element elementor-element-3317781 elementor-widget elementor-widget-heading\" data-id=\"3317781\" data-element_type=\"widget\" data-widget_type=\"heading.default\">\n\t\t\t\t\t<h2 class=\"elementor-heading-title elementor-size-default\">Conseil de 2015<\/h2>\t\t\t\t<\/div>\n\t\t\t\t<div class=\"elementor-element elementor-element-425ab45 elementor-widget elementor-widget-text-editor\" data-id=\"425ab45\" data-element_type=\"widget\" data-widget_type=\"text-editor.default\">\n\t\t\t\t\t\t\t\t\t<p><strong>PRESIDENT\u00a0: <\/strong>MITEL Rony<\/p><p><strong>1erVICE\/PRES : <\/strong>SAITEN Roselin<\/p><p><strong>2\u00e8me VICE\/PRES :<\/strong>\u00a0BOURSEAU Lise<\/p><p><strong>TRESORIER\u00a0: <\/strong>VIOMESNIL Fortuna<\/p><p><strong>TRES\/ADJT\u00a0: <\/strong>BARD Lucette<\/p><p><strong>SECRETAIRE : <\/strong>PONGUE Marylyn<\/p><p><strong>SECRET\/ADJT\u00a0: <\/strong>COUPE de K\/MA Michelle<\/p><p><strong>DELEGUE Sect N\/GT<\/strong> :\u00a0 PRAXO L\u00e9onard<\/p><p><strong>DELEGUE Sect S\/GT<\/strong> :\u00a0 LUIT Romaine<\/p><p><strong>DELEGUE Sect B\/T\u00a0 <\/strong>\u00a0:\u00a0 TORVAL Suzette<\/p><p><strong>DELEGUE Sect BTS\/V\u00a0: <\/strong>DESPLAN Jos\u00e9<\/p><p><strong>DELEGUE Orchestres<\/strong> : COQUITE Floribert<\/p>\t\t\t\t\t\t\t\t<\/div>\n\t\t\t\t\t<\/div>\n\t\t<\/div>\n\t\t\t\t<div class=\"elementor-column elementor-col-50 elementor-top-column elementor-element elementor-element-4d8fab7\" data-id=\"4d8fab7\" data-element_type=\"column\">\n\t\t\t<div class=\"elementor-widget-wrap elementor-element-populated\">\n\t\t\t\t\t\t<div class=\"elementor-element elementor-element-e94ab54 elementor-widget elementor-widget-heading\" data-id=\"e94ab54\" data-element_type=\"widget\" data-widget_type=\"heading.default\">\n\t\t\t\t\t<h2 class=\"elementor-heading-title elementor-size-default\">Conseil de 2017<\/h2>\t\t\t\t<\/div>\n\t\t\t\t<div class=\"elementor-element elementor-element-6a10553 elementor-widget elementor-widget-text-editor\" data-id=\"6a10553\" data-element_type=\"widget\" data-widget_type=\"text-editor.default\">\n\t\t\t\t\t\t\t\t\t<p><strong>PRESIDENT\u00a0: <\/strong>MITEL Rony<\/p><p><strong>1erVICE\/PRES : <\/strong>SAITEN Roselin<\/p><p><strong>2\u00e8me VICE\/PRES :<\/strong> CAFA Ninette<\/p><p><strong>TRESORIER\u00a0: <\/strong>VIOMESNIL Fortuna<\/p><p><strong>TRES\/ADJT\u00a0: <\/strong>BARD Lucette<\/p><p><strong>SECRETAIRE : <\/strong>MAXO Marie jos\u00e9e<\/p><p><strong>SECRET\/ADJT\u00a0: <\/strong>COUPE de K\/MA Michelle<\/p><p><strong>DELEGUE Sect N\/GT<\/strong> :\u00a0 PRAXO L\u00e9onard<\/p><p><strong>DELEGUE Sect S\/GT<\/strong> :\u00a0 LUIT Romaine<\/p><p><strong>DELEGUE Sect B\/T\u00a0 <\/strong>\u00a0:\u00a0 TORVAL Suzette<\/p><p><strong>DELEGUE Sect BTS\/V\u00a0: <\/strong>DESPLAN Jos\u00e9<\/p><p><strong>DELEGUE Orchestres<\/strong> : COQUITE Floribert<\/p>\t\t\t\t\t\t\t\t<\/div>\n\t\t\t\t\t<\/div>\n\t\t<\/div>\n\t\t\t\t\t<\/div>\n\t\t<\/section>\n\t\t\t\t<\/div>\n\t\t","protected":false},"excerpt":{"rendered":"<p>Premi\u00e8re Assembl\u00e9e G\u00e9n\u00e9rale Extraordinaire &nbsp; &nbsp; &nbsp; Le 17 Octobre 2004 l\u2019A.G extraordinaire faite \u00e0 la salle polyvalente de PETIT CANAL changera la d\u00e9nomination sans changer le Sigle&nbsp;: Union Guadeloup\u00e9enne des Activit\u00e9s de Quadrilles \u00ab&nbsp;UGAQ&nbsp;\u00bb Les priorit\u00e9s&nbsp;: Mettre en place un plan de d\u00e9veloppement durable. C\u2019est le passage \u00e0 l\u2019Euro. Il va falloir faire des [&hellip;]<\/p>\n","protected":false},"author":1,"featured_media":0,"parent":0,"menu_order":0,"comment_status":"closed","ping_status":"closed","template":"","meta":{"footnotes":""},"class_list":["post-127","page","type-page","status-publish","hentry"],"_links":{"self":[{"href":"https:\/\/guadeloupequadrille.com\/index.php?rest_route=\/wp\/v2\/pages\/127","targetHints":{"allow":["GET"]}}],"collection":[{"href":"https:\/\/guadeloupequadrille.com\/index.php?rest_route=\/wp\/v2\/pages"}],"about":[{"href":"https:\/\/guadeloupequadrille.com\/index.php?rest_route=\/wp\/v2\/types\/page"}],"author":[{"embeddable":true,"href":"https:\/\/guadeloupequadrille.com\/index.php?rest_route=\/wp\/v2\/users\/1"}],"replies":[{"embeddable":true,"href":"https:\/\/guadeloupequadrille.com\/index.php?rest_route=%2Fwp%2Fv2%2Fcomments&post=127"}],"version-history":[{"count":121,"href":"https:\/\/guadeloupequadrille.com\/index.php?rest_route=\/wp\/v2\/pages\/127\/revisions"}],"predecessor-version":[{"id":4392,"href":"https:\/\/guadeloupequadrille.com\/index.php?rest_route=\/wp\/v2\/pages\/127\/revisions\/4392"}],"wp:attachment":[{"href":"https:\/\/guadeloupequadrille.com\/index.php?rest_route=%2Fwp%2Fv2%2Fmedia&parent=127"}],"curies":[{"name":"wp","href":"https:\/\/api.w.org\/{rel}","templated":true}]}}